{"id":29,"date":"2022-10-29T09:54:16","date_gmt":"2022-10-29T09:54:16","guid":{"rendered":"http:\/\/localhost\/mesmerize\/"},"modified":"2022-11-15T22:11:15","modified_gmt":"2022-11-15T22:11:15","slug":"quienessomos","status":"publish","type":"page","link":"https:\/\/www.obrerosdehiram24cadiz.org\/?page_id=29","title":{"rendered":"Qui\u00e9nes Somos"},"content":{"rendered":"<p>Visitas: 3337<\/p><p><img loading=\"lazy\" decoding=\"async\" class=\"wp-image-12 alignleft\" src=\"https:\/\/www.obrerosdehiram24cadiz.org\/wp-content\/uploads\/2022\/10\/Emblema_OH.jpg\" alt=\"\" width=\"288\" height=\"290\" \/><\/p>\n<p style=\"text-align: justify;\">Bienvenido a la p\u00e1gina web de la <strong>Respetable Logia \u201cObreros de Hiram\u201d n\u00ba 24<\/strong> de la <strong>Gran Logia de Espa\u00f1a<\/strong>.<\/p>\n<p style=\"text-align: justify;\">En primer lugar, queremos agradecerle su inter\u00e9s y esperamos que su visita le sirva para conocernos un poco mejor y disfrutar de los contenidos referidos a la <strong>Masoner\u00eda<\/strong>.<\/p>\n<p style=\"text-align: justify;\">La <strong>Logia \u201cObreros de Hiram\u201d n\u00ba 24<\/strong> se ubica en la <strong>Bah\u00eda de C\u00e1diz<\/strong> y est\u00e1 compuesta por masones de toda clase social y creencias, as\u00ed como procedentes de diferentes localidades de la provincia. Su nombre proviene de logias gaditanas anteriores como \u201cHijos de Hiram\u201d (Siglo XIX) y de \u201cObreros de Hiram\u201d (Siglo\u00a0XX), que a su vez recuerdan el <strong>nombre del arquitecto del Templo de Salom\u00f3n<\/strong>. Es una alegor\u00eda de la necesaria contribuci\u00f3n de cada individuo a construir una sociedad mejor.<\/p>\n<p style=\"text-align: justify;\">La <strong>Francmasoner\u00eda<\/strong>, una de las m\u00e1s antiguas fraternidades inici\u00e1ticas, busca el perfeccionamiento del ser humano mediante la transmisi\u00f3n y ense\u00f1anza de un m\u00e9todo -el ritual y simb\u00f3lico- por cuyo conocimiento y asimilaci\u00f3n el mas\u00f3n est\u00e1 en condiciones de aplicarlo a s\u00ed mismo y a su entorno social.<\/p>\n<p style=\"text-align: justify;\" align=\"justify\">La provincia de <strong>C\u00e1diz<\/strong> siempre ha sido una referencia en la historia de la <strong>Masoner\u00eda espa\u00f1ola<\/strong>, tanto por su cantidad de logias como por su n\u00famero de\u00a0integrantes. Al estar situada en el punto de encuentro de rutas mar\u00edtimas de tres continentes, <strong>C\u00e1diz<\/strong> ha sido el lugar propicio para que se produjera un intenso intercambio de ideas. Desde el Siglo de Oro gaditano (s. XVIII) hasta hoy, la\u00a0presencia de la <strong>Masoner\u00eda<\/strong> ha sido constante excepto durante los par\u00e9ntesis represivos absolutistas o dictatoriales.<\/p>\n","protected":false},"excerpt":{"rendered":"<p>Visitas: 3337 Bienvenido a la p\u00e1gina web de la Respetable Logia \u201cObreros de Hiram\u201d n\u00ba 24 de la Gran Logia de Espa\u00f1a. En primer lugar, queremos agradecerle su inter\u00e9s y&hellip; <\/p>\n","protected":false},"author":1,"featured_media":0,"parent":0,"menu_order":0,"comment_status":"closed","ping_status":"closed","template":"","meta":{"om_disable_all_campaigns":false,"_monsterinsights_skip_tracking":false,"_monsterinsights_sitenote_active":false,"_monsterinsights_sitenote_note":"","_monsterinsights_sitenote_category":0,"_uf_show_specific_survey":0,"_uf_disable_surveys":false,"footnotes":""},"class_list":["post-29","page","type-page","status-publish","hentry"],"aioseo_notices":[],"_links":{"self":[{"href":"https:\/\/www.obrerosdehiram24cadiz.org\/index.php?rest_route=\/wp\/v2\/pages\/29","targetHints":{"allow":["GET"]}}],"collection":[{"href":"https:\/\/www.obrerosdehiram24cadiz.org\/index.php?rest_route=\/wp\/v2\/pages"}],"about":[{"href":"https:\/\/www.obrerosdehiram24cadiz.org\/index.php?rest_route=\/wp\/v2\/types\/page"}],"author":[{"embeddable":true,"href":"https:\/\/www.obrerosdehiram24cadiz.org\/index.php?rest_route=\/wp\/v2\/users\/1"}],"replies":[{"embeddable":true,"href":"https:\/\/www.obrerosdehiram24cadiz.org\/index.php?rest_route=%2Fwp%2Fv2%2Fcomments&post=29"}],"version-history":[{"count":0,"href":"https:\/\/www.obrerosdehiram24cadiz.org\/index.php?rest_route=\/wp\/v2\/pages\/29\/revisions"}],"wp:attachment":[{"href":"https:\/\/www.obrerosdehiram24cadiz.org\/index.php?rest_route=%2Fwp%2Fv2%2Fmedia&parent=29"}],"curies":[{"name":"wp","href":"https:\/\/api.w.org\/{rel}","templated":true}]}}