{"id":35,"date":"2022-10-29T10:01:58","date_gmt":"2022-10-29T10:01:58","guid":{"rendered":"http:\/\/localhost\/?page_id=35"},"modified":"2022-11-15T22:11:54","modified_gmt":"2022-11-15T22:11:54","slug":"masoneria","status":"publish","type":"page","link":"https:\/\/www.obrerosdehiram24cadiz.org\/?page_id=35","title":{"rendered":"Masoner\u00eda"},"content":{"rendered":"<p>Visitas: 3237<\/p><p style=\"text-align: justify;\"><strong>\u00bfQu\u00e9 es la Masoner\u00eda?<img loading=\"lazy\" decoding=\"async\" class=\" wp-image-75 alignright\" src=\"https:\/\/www.obrerosdehiram24cadiz.org\/wp-content\/uploads\/2022\/10\/obrerosdehiram24cadiz-sqcomp.jpg\" alt=\"\" width=\"367\" height=\"367\" \/><\/strong><\/p>\n<p style=\"text-align: justify;\">Las siguientes l\u00edneas tienen como objetivo aclarar algunas dudas frecuentes que suelen existir sobre la Masoner\u00eda, tratando de disipar los rumores que circulan sobre la Orden. Esperamos que, tras su lectura, pueda Vd. tener una opini\u00f3n propia pero fundada sobre qu\u00e9 es la Masoner\u00eda.<\/p>\n<p style=\"text-align: justify;\">La <strong>Masoner\u00eda<\/strong> es una instituci\u00f3n <strong>filos\u00f3fica<\/strong>, <strong>filantr\u00f3pica<\/strong> y <strong>fraternal<\/strong> cuyo m\u00e1ximo objetivo es estimular el perfeccionamiento <strong>moral<\/strong> e <strong>intelectual<\/strong> de hombres y pueblos buscando obtener la fraternidad universal.<\/p>\n<p style=\"text-align: justify;\">Es una <strong>asociaci\u00f3n voluntaria<\/strong> de hombres, cuyo origen se pierde en la Antig\u00fcedad y que actualmente agrupa a m\u00e1s de seis millones de miembros a lo largo y ancho del mundo.<\/p>\n<p style=\"text-align: justify;\">Es una sociedad fraternal, que admite a todo <strong>hombre libre<\/strong> y de buena reputaci\u00f3n, <strong>sin distinci\u00f3n<\/strong> de raza, religi\u00f3n, ideario pol\u00edtico o posici\u00f3n social.<\/p>\n<p style=\"text-align: justify;\">Es un sistema de <strong>conducta moral<\/strong> donde se aprende a dominar los vicios, las pasiones, las ambiciones, el odio y los deseos de venganza, que oprimen al hombre.<\/p>\n<p style=\"text-align: justify;\">Est\u00e1 basada en la creencia en un <strong>Ser Superior<\/strong>, al que denominamos <strong>Gran Arquitecto del Universo<\/strong>, como principio y causa de todas las cosas. No importa con qu\u00e9 religi\u00f3n practique cada hermano esta creencia, pues la Masoner\u00eda acoge en su seno a personas de diversos credos.<\/p>\n<p style=\"text-align: justify;\">Sus miembros aprenden sus ense\u00f1anzas en <strong>ceremonias ritual\u00edsticas<\/strong> dramatizadas, que siguen los antiguos usos y costumbres de los constructores de Catedrales.<\/p>\n<p style=\"text-align: justify;\">La Masoner\u00eda induce a sus miembros a <strong>reformarse a s\u00ed mismos<\/strong>, con la esperanza de que el progreso individual contribuya a la mejora ulterior de la <strong>sociedad entera<\/strong>.<\/p>\n<p style=\"text-align: justify;\">La Masoner\u00eda trata de hacer de un hombre bueno un <strong>hombre mejor<\/strong>, reforzando su <strong>car\u00e1cter<\/strong>, mejorando su visi\u00f3n <strong>moral<\/strong> y <strong>espiritual<\/strong>, y ensanchando su <strong>horizonte mental<\/strong>.<\/p>\n<p style=\"text-align: justify;\">La Masoner\u00eda es muchas cosas, pero por encima de todo, es un <strong>estilo de vida<\/strong>. Por lo tanto, <strong>PARA CONOCERLA HAY QUE VIVIRLA<\/strong>.<\/p>\n<p>&nbsp;<\/p>\n<p style=\"text-align: justify;\"><strong>\u00bfQu\u00e9 NO es la Masoner\u00eda?<img loading=\"lazy\" decoding=\"async\" class=\"wp-image-78 alignright\" src=\"https:\/\/www.obrerosdehiram24cadiz.org\/wp-content\/uploads\/2022\/10\/obrerosdehiram24cadiz-star.jpg\" alt=\"\" width=\"324\" height=\"324\" \/><\/strong><\/p>\n<p style=\"text-align: justify;\"><strong>No<\/strong> es una <strong>religi\u00f3n<\/strong>, porque se respeta la creencia personal de cada mas\u00f3n. En pa\u00edses con pluralidad religiosa conviven hermanos de diferentes credos religiosos sin ning\u00fan problema.<\/p>\n<p style=\"text-align: justify;\">La Masoner\u00eda <strong>tampoco<\/strong> es un <strong>partido<\/strong> <strong>pol\u00edtico<\/strong>. En Logia no est\u00e1 permitido debatir sobre posiciones pol\u00edticas o religiosas.<\/p>\n<p style=\"text-align: justify;\">La Masoner\u00eda <strong>no<\/strong> es una <strong>sociedad secreta<\/strong>. Lo ha sido cuando pertenecer a la misma implicaba el riesgo de perder la vida a cuenta del poder de turno.\u00a0La Masoner\u00eda est\u00e1 inscrita en el registro de asociaciones en Espa\u00f1a, como cualquier otra asociaci\u00f3n legalmente constituida, y por lo tanto nada tiene hoy de secreta su existencia.<\/p>\n<p style=\"text-align: justify;\"><strong>No es una secta<\/strong>. Una actitud sectaria es justamente lo contrario de lo que se persigue en Masoner\u00eda: La libertad de opini\u00f3n, de reuni\u00f3n, de expresi\u00f3n y de acci\u00f3n a nivel individual y social no es cuestionada. Uno puede salir cuando lo desee.<\/p>\n<p style=\"text-align: justify;\">La primera prueba de que la Masoner\u00eda no es una secta es que <strong>no<\/strong> hace <strong>proselitismo<\/strong>, no busca adeptos. El ingreso es una decisi\u00f3n personal de cada hombre que decida llamar a nuestras puertas.<\/p>\n<p style=\"text-align: justify;\">Tampoco existe en Masoner\u00eda un jefe o gur\u00fa cuyo poder no sea cuestionado, como ocurre en las sectas. Nuestros cargos son elegidos por votaci\u00f3n y por un per\u00edodo de tiempo determinado.<\/p>\n<p style=\"text-align: justify;\">\u00abLa primera gran logia mas\u00f3nica en la historia, la Gran Logia de Inglaterra, se fund\u00f3 un 24 de junio de 1717. Sin embargo se ha descubierto una prueba irrefutable de que la masoner\u00eda ya exist\u00eda al menos 250 a\u00f1os antes. En Chipre -que fue un reino cruzado fundado en 1197, seis a\u00f1os despu\u00e9s de la toma de la isla por Ricardo I, Coraz\u00f3n de Le\u00f3n durante la 3\u00aa Cruzada- se ha descubierto una l\u00e1pida fechada en 1460, seg\u00fan la revista Excerpta Cypria, bajo la que yacer\u00edan el caballero Georgius Barton y su esposa, Elisabeth Pfauz. Lo sorprendente es el s\u00edmbolo de la escuadra y el comp\u00e1s, netamente mas\u00f3nico, que identifica a Barton como mas\u00f3n ya en el siglo XV.\u201d<\/p>\n<p><img loading=\"lazy\" decoding=\"async\" class=\"wp-image-81 aligncenter\" src=\"https:\/\/www.obrerosdehiram24cadiz.org\/wp-content\/uploads\/2022\/10\/Lapida_1460-Logia_Obreros_de_Hiram_24.jpg\" alt=\"\" width=\"501\" height=\"376\" \/><\/p>\n","protected":false},"excerpt":{"rendered":"<p>Visitas: 3237\u00bfQu\u00e9 es la Masoner\u00eda? Las siguientes l\u00edneas tienen como objetivo aclarar algunas dudas frecuentes que suelen existir sobre la Masoner\u00eda, tratando de disipar los rumores que circulan sobre la&hellip; <\/p>\n","protected":false},"author":1,"featured_media":0,"parent":0,"menu_order":0,"comment_status":"closed","ping_status":"closed","template":"","meta":{"om_disable_all_campaigns":false,"_monsterinsights_skip_tracking":false,"_monsterinsights_sitenote_active":false,"_monsterinsights_sitenote_note":"","_monsterinsights_sitenote_category":0,"_uf_show_specific_survey":0,"_uf_disable_surveys":false,"footnotes":""},"class_list":["post-35","page","type-page","status-publish","hentry"],"aioseo_notices":[],"_links":{"self":[{"href":"https:\/\/www.obrerosdehiram24cadiz.org\/index.php?rest_route=\/wp\/v2\/pages\/35","targetHints":{"allow":["GET"]}}],"collection":[{"href":"https:\/\/www.obrerosdehiram24cadiz.org\/index.php?rest_route=\/wp\/v2\/pages"}],"about":[{"href":"https:\/\/www.obrerosdehiram24cadiz.org\/index.php?rest_route=\/wp\/v2\/types\/page"}],"author":[{"embeddable":true,"href":"https:\/\/www.obrerosdehiram24cadiz.org\/index.php?rest_route=\/wp\/v2\/users\/1"}],"replies":[{"embeddable":true,"href":"https:\/\/www.obrerosdehiram24cadiz.org\/index.php?rest_route=%2Fwp%2Fv2%2Fcomments&post=35"}],"version-history":[{"count":0,"href":"https:\/\/www.obrerosdehiram24cadiz.org\/index.php?rest_route=\/wp\/v2\/pages\/35\/revisions"}],"wp:attachment":[{"href":"https:\/\/www.obrerosdehiram24cadiz.org\/index.php?rest_route=%2Fwp%2Fv2%2Fmedia&parent=35"}],"curies":[{"name":"wp","href":"https:\/\/api.w.org\/{rel}","templated":true}]}}