{"id":37,"date":"2022-10-29T10:02:14","date_gmt":"2022-10-29T10:02:14","guid":{"rendered":"http:\/\/localhost\/?page_id=37"},"modified":"2022-11-15T22:12:59","modified_gmt":"2022-11-15T22:12:59","slug":"regularidad","status":"publish","type":"page","link":"https:\/\/www.obrerosdehiram24cadiz.org\/?page_id=37","title":{"rendered":"Regularidad"},"content":{"rendered":"<p>Visitas: 2240<\/p><p style=\"text-align: justify;\" align=\"justify\">La <strong>Masoner\u00eda<\/strong> es una Orden inici\u00e1tica y esot\u00e9rica que territorialmente se organiza en <strong>Grandes Logias<\/strong> o <strong>Grandes Orientes<\/strong> de \u00e1mbito nacional. En los pa\u00edses con estructura federal, estas <strong>Grandes Logias<\/strong> pueden tener \u00e1mbito estatal. Tanto las <strong>Grandes Logias<\/strong> como los <strong>Grandes Orientes<\/strong> son tambi\u00e9n conocidos como <strong>Obediencias<\/strong>.<\/p>\n<p style=\"text-align: justify;\" align=\"justify\">Desde el nacimiento de la <strong>Masoner\u00eda<\/strong> moderna o especulativa, con la constituci\u00f3n en 1717 de la <strong>Gran Logia de Londres y Westminster<\/strong>, se estableci\u00f3 la costumbre del mutuo reconocimiento entre aquellas <strong>Grandes Logias<\/strong> o <strong>Grandes Orientes<\/strong> que, por cumplir ciertas normas, se consideraban <strong>Regulares<\/strong> las unas a las otras, es decir, que segu\u00edan estrictamente la Tradici\u00f3n y las primitivas normas de la Orden.<\/p>\n<p style=\"text-align: justify;\" align=\"justify\">En Espa\u00f1a, <strong>la \u00fanica Obediencia Regular<\/strong> y Tradicional reconocida por la <strong>Masoner\u00eda Universal<\/strong> es la <a title=\"Gran Logia de Espa\u00f1a\" href=\"http:\/\/www.gle.org\" target=\"_blank\" rel=\"noopener\"><strong>GRAN LOGIA DE ESPA\u00d1A<\/strong><\/a>.<\/p>\n<p style=\"text-align: justify;\" align=\"justify\">Hay unas <strong>155 Grandes Logias<\/strong> admitidas como <strong>Regulares<\/strong>\u00a0en el mundo que tienen establecido el mutuo reconocimiento. La <strong>Gran Logia de Espa\u00f1a<\/strong> est\u00e1 reconocida y tiene relaciones fraternales con la pr\u00e1ctica totalidad de ellas.<\/p>\n<table style=\"border-collapse: collapse; width: 100%;\">\n<tbody>\n<tr>\n<td style=\"width: 50%; border-style: hidden;\"><a href=\"https:\/\/gle.org\/\"><img loading=\"lazy\" decoding=\"async\" class=\"aligncenter wp-image-99 size-full\" src=\"https:\/\/www.obrerosdehiram24cadiz.org\/wp-content\/uploads\/2022\/10\/obrerosdehiram24cadiz-gran-logia-de-espana.jpg\" alt=\"\" width=\"300\" height=\"130\" \/><\/a><\/td>\n<td style=\"width: 50%; border-style: hidden;\"><a href=\"https:\/\/glpa.es\/v1\/\"><img loading=\"lazy\" decoding=\"async\" class=\"aligncenter wp-image-102\" src=\"https:\/\/www.obrerosdehiram24cadiz.org\/wp-content\/uploads\/2022\/10\/obrerosdehiram24cadiz-logotipo-glpa.jpg\" alt=\"\" width=\"247\" height=\"247\" \/><\/a><\/td>\n<\/tr>\n<\/tbody>\n<\/table>\n<p style=\"text-align: justify;\">La\u00a0<strong>R.\u00b7. L.\u00b7. \u00abObreros de Hiram\u00bb n\u00ba 24<\/strong>,\u00a0siendo fiel a su car\u00e1cter\u00a0<strong>Regular<\/strong>\u00a0y practicando la\u00a0<strong>Fraternidad<\/strong>\u00a0mas\u00f3nica, establece constantemente lazos fraternales mediante la participaci\u00f3n en los trabajos mas\u00f3nicos de otras Respetables Logias de la\u00a0<strong>Gran Logia de Espa\u00f1a<\/strong>, as\u00ed como pertenecientes a <strong>Obediencias\u00a0Regulares<\/strong><strong>\u00a0<\/strong>de otros pa\u00edses de nuestro entorno.<\/p>\n<p style=\"text-align: justify;\">Del mismo modo, son numerosos los hermanos francmasones que nos visitan y trabajan con nosotros, dando forma y sentido a la verdadera\u00a0<strong>Fraternidad Universal<\/strong>\u00a0a la que aspira la\u00a0<strong>Francmasoner\u00eda<\/strong>. Aunque nuestra Logia trabaja normalmente en\u00a0<strong>espa\u00f1ol<\/strong>, nuestros miembros siempre ayudar\u00e1n a aqu\u00e9llos de ustedes que hablen otras lenguas como el ingl\u00e9s, el franc\u00e9s o el portugu\u00e9s a sentirse a gusto entre nosotros.<\/p>\n<p style=\"text-align: justify;\">Algunas de las Respetables <strong>Logias\u00a0Regulares<\/strong>\u00a0con las que se han establecido relaciones fraternales de visita son:<\/p>\n<p><a title=\"Gran Logia de Espa\u00f1a\" href=\"http:\/\/www.gle.org\" target=\"_blank\" rel=\"noopener\"><strong>GRAN LOGIA DE ESPA\u00d1A<\/strong><\/a><\/p>\n<p>R.\u00b7. L.\u00b7. J. J. Kestly \/ G. Washington n\u00ba 178 en Rota (C\u00e1diz)<\/p>\n<p><a title=\"R.\u00b7. L.\u00b7. Trafalgar n\u00ba 168\" href=\"http:\/\/www.rltrafalgar168.com\" target=\"_blank\" rel=\"noopener\">R.\u00b7. L.\u00b7. Trafalgar n\u00ba 168<\/a>\u00a0en Algeciras (C\u00e1diz)<\/p>\n<p><a title=\"R.\u00b7. L.\u00b7. It\u00e1lica n\u00ba 107\" href=\"http:\/\/www.italica107.es\" target=\"_blank\" rel=\"noopener\">R.\u00b7. L.\u00b7. It\u00e1lica n\u00ba 107<\/a>\u00a0en Sevilla<\/p>\n<p><a title=\"R.\u00b7. L.\u00b7. Hermes n\u00ba 13\" href=\"http:\/\/www.logiahermes.org\" target=\"_blank\" rel=\"noopener\">R.\u00b7. L.\u00b7. Hermes n\u00ba 13<\/a>\u00a0en Madrid<\/p>\n<p>R.\u00b7.L.\u00b7. Maim\u00f3nides n\u00ba 173 en C\u00f3rdoba<\/p>\n<p>&nbsp;<\/p>\n<p><a title=\"Gran Logia Prince Hall de Massachusetts (ingl\u00e9s)\" href=\"http:\/\/www.princehall.org\" target=\"_blank\" rel=\"noopener\"><strong>GRAN LOGIA PRINCE HALL DE MASSACHUSETTS (EE. UU.)<\/strong><\/a><\/p>\n<p>R.\u00b7. L.\u00b7. PH Saints John n\u00ba 35 en la Base Naval de Rota.<\/p>\n<p>&nbsp;<\/p>\n<p><a title=\"Gran Logia Unida de Inglaterra (ingl\u00e9s)\" href=\"http:\/\/www.ugle.org.uk\/\"><strong>GRAN LOGIA UNIDA DE INGLATERRA<\/strong><\/a><\/p>\n<p>R.\u00b7. L.\u00b7. Saint John n\u00ba 115 del Distrito de Gibraltar<\/p>\n<p><a title=\"R.\u00b7. L.\u00b7. Letchworth n\u00ba 3503 (ingl\u00e9s)\" href=\"http:\/\/www.letchworthlodge3503.com\/\" target=\"_blank\" rel=\"noopener\">R.\u00b7. L.\u00b7. Letchworth n\u00ba 3503<\/a>\u00a0del\u00a0Distrito de Gibraltar<\/p>\n<p><a title=\"Royal Lodge Friendship n\u00ba 278 (ingl\u00e9s)\" href=\"http:\/\/royallodgeoffriendship.org\/\" target=\"_blank\" rel=\"noopener\">R.\u00b7. L.\u00b7. Friendship n\u00ba 278<\/a>\u00a0del\u00a0Distrito de Gibraltar<\/p>\n<p>&nbsp;<\/p>\n<p><a title=\"Gran Logia de Irlanda (ingl\u00e9s)\" href=\"http:\/\/www.irish-freemasons.org\/\" target=\"_blank\" rel=\"noopener\"><strong>GRAN LOGIA DE IRLANDA<\/strong><\/a><\/p>\n<p><a title=\"R.\u00b7. L.\u00b7. 500 (ingl\u00e9s)\" href=\"http:\/\/www.lodge500.ws\/\" target=\"_blank\" rel=\"noopener\">R.\u00b7. L.\u00b7. 500<\/a> en Dubl\u00edn<a title=\"\u00c1rea Metropolitana de Dubl\u00edn (ingl\u00e9s)\" href=\"http:\/\/www.irish-freemasons.org\/Pages_GL\/Provinces\/Metropolitan_Area.html\"><br \/>\n<\/a>R.\u00b7. L.\u00b7. Clontarf n\u00ba 249 en Dubl\u00edn<\/p>\n<p>&nbsp;<\/p>\n<p><a title=\"Gran Logia de Austria (alem\u00e1n)\" href=\"http:\/\/www.freimaurerei.at\/\" target=\"_blank\" rel=\"noopener\"><strong>GRAN LOGIA DE\u00a0AUSTRIA<\/strong><\/a><\/p>\n<p>R.\u00b7. L.\u00b7. Aux Trois Canons en Viena<\/p>\n<p><a title=\"R.\u00b7. L.\u00b7. Sarastro\" href=\"http:\/\/sarastro-lodge.com\/espanol\/\" target=\"_blank\" rel=\"noopener\">R.\u00b7. L.\u00b7. Sarastro<\/a>\u00a0en Viena<\/p>\n<p>R.\u00b7. L.\u00b7. Zukunft en Viena<\/p>\n<p>R.\u00b7. L.\u00b7. Johannes Reuchlin en Linz (Alta Austria)<\/p>\n<p>&nbsp;<\/p>\n<p><a title=\"Gran Logia Mas\u00f3nica del Estado de S\u00e3o Paulo (portugu\u00e9s)\" href=\"http:\/\/www.glesp.org.br\/\" target=\"_blank\" rel=\"noopener\"><strong>GRAN LOGIA MAS\u00d3NICA DEL ESTADO DE S\u00c3O PAULO (BRASIL)<\/strong><\/a><\/p>\n<p>R.\u00b7. L.\u00b7. Ac\u00e1cia de Itapevi n\u00ba 188<\/p>\n<p>&nbsp;<\/p>\n<p><a title=\"Gran Logia de Chile\" href=\"http:\/\/www.granlogia.cl\" target=\"_blank\" rel=\"noopener\"><strong>GRAN LOGIA DE CHILE<\/strong><\/a><\/p>\n<p><a title=\"R.\u00b7. L.\u00b7. Escuadra y Comp\u00e1s n\u00ba 216\" href=\"http:\/\/www.escycom.cl\/\" target=\"_blank\" rel=\"noopener\">R.\u00b7. L.\u00b7. Escuadra y Comp\u00e1s n\u00ba 216<\/a>\u00a0en Santiago<\/p>\n","protected":false},"excerpt":{"rendered":"<p>Visitas: 2240La Masoner\u00eda es una Orden inici\u00e1tica y esot\u00e9rica que territorialmente se organiza en Grandes Logias o Grandes Orientes de \u00e1mbito nacional. En los pa\u00edses con estructura federal, estas Grandes&hellip; <\/p>\n","protected":false},"author":1,"featured_media":0,"parent":0,"menu_order":0,"comment_status":"closed","ping_status":"closed","template":"","meta":{"om_disable_all_campaigns":false,"_monsterinsights_skip_tracking":false,"_monsterinsights_sitenote_active":false,"_monsterinsights_sitenote_note":"","_monsterinsights_sitenote_category":0,"_uf_show_specific_survey":0,"_uf_disable_surveys":false,"footnotes":""},"class_list":["post-37","page","type-page","status-publish","hentry"],"aioseo_notices":[],"_links":{"self":[{"href":"https:\/\/www.obrerosdehiram24cadiz.org\/index.php?rest_route=\/wp\/v2\/pages\/37","targetHints":{"allow":["GET"]}}],"collection":[{"href":"https:\/\/www.obrerosdehiram24cadiz.org\/index.php?rest_route=\/wp\/v2\/pages"}],"about":[{"href":"https:\/\/www.obrerosdehiram24cadiz.org\/index.php?rest_route=\/wp\/v2\/types\/page"}],"author":[{"embeddable":true,"href":"https:\/\/www.obrerosdehiram24cadiz.org\/index.php?rest_route=\/wp\/v2\/users\/1"}],"replies":[{"embeddable":true,"href":"https:\/\/www.obrerosdehiram24cadiz.org\/index.php?rest_route=%2Fwp%2Fv2%2Fcomments&post=37"}],"version-history":[{"count":0,"href":"https:\/\/www.obrerosdehiram24cadiz.org\/index.php?rest_route=\/wp\/v2\/pages\/37\/revisions"}],"wp:attachment":[{"href":"https:\/\/www.obrerosdehiram24cadiz.org\/index.php?rest_route=%2Fwp%2Fv2%2Fmedia&parent=37"}],"curies":[{"name":"wp","href":"https:\/\/api.w.org\/{rel}","templated":true}]}}