{"id":39,"date":"2022-10-29T10:02:48","date_gmt":"2022-10-29T10:02:48","guid":{"rendered":"http:\/\/localhost\/?page_id=39"},"modified":"2022-11-15T22:13:41","modified_gmt":"2022-11-15T22:13:41","slug":"moralidad","status":"publish","type":"page","link":"https:\/\/www.obrerosdehiram24cadiz.org\/?page_id=39","title":{"rendered":"Moralidad"},"content":{"rendered":"<p>Visitas: 1965<\/p><p style=\"text-align: justify;\">La <strong>Francmasoner\u00eda<\/strong> posee un conjunto de normas de <strong>comportamiento \u00e9tico, moral y social<\/strong> que siguen la corriente y los ritos mas\u00f3nicos desde 1717. Dichas reglas se resumen en el <strong>C\u00f3digo Moral Mas\u00f3nico<\/strong>, que a continuaci\u00f3n se relaciona. Asimismo, una redacci\u00f3n m\u00e1s elaborada de los preceptos morales y de comportamiento de un mas\u00f3n se encuentra en el documento llamado <strong>Las Constituciones de Anderson<\/strong>, al que puede acceder haciendo click en el v\u00ednculo correspondiente.<\/p>\n<p style=\"text-align: justify;\"><img loading=\"lazy\" decoding=\"async\" class=\"size-full wp-image-117 alignright\" src=\"https:\/\/www.obrerosdehiram24cadiz.org\/wp-content\/uploads\/2022\/10\/obrerosdehiram24cadiz-Hombre-PiedraBruta.jpg\" alt=\"\" width=\"331\" height=\"436\" \/>1- Venera al <strong>Gran Arquitecto del Universo<\/strong>.<\/p>\n<p style=\"text-align: justify;\">2- El verdadero culto que se da al <strong>Gran Arquitecto<\/strong> consiste principalmente en las <strong>buenas obras<\/strong>.<\/p>\n<p style=\"text-align: justify;\">3-\u00a0Ten siempre tu <strong>alma en un estado puro<\/strong>, para aparecer dignamente delante de tu <strong>conciencia<\/strong>.<\/p>\n<p style=\"text-align: justify;\">4-\u00a0<strong>Ama a tu pr\u00f3jimo<\/strong> como a ti mismo.<\/p>\n<p style=\"text-align: justify;\">5-\u00a0Haz <strong>bien<\/strong> por <strong>amor<\/strong> al mismo <strong>bien<\/strong>.<\/p>\n<p style=\"text-align: justify;\">6-\u00a0Estima a los <strong>buenos<\/strong>, ama a los <strong>d\u00e9biles<\/strong>, huye de los malos, pero <strong>no odies a nadie<\/strong>.<\/p>\n<p style=\"text-align: justify;\">7-\u00a0No lisonjees exageradamente a tu hermano pero <strong>reconoce sus aciertos<\/strong>. Acepta su reconocimiento con <strong>modestia<\/strong>, como un aliciente.<\/p>\n<p style=\"text-align: justify;\">8-\u00a0Escucha siempre la voz de tu <strong>conciencia<\/strong>.<\/p>\n<p style=\"text-align: justify;\">9- Practica la <strong>Caridad<\/strong>.<\/p>\n<p style=\"text-align: justify;\">10- <strong>Respeta al viajero<\/strong> nacional o extranjero; ay\u00fadalo: su persona es <strong>sagrada<\/strong> para ti.<\/p>\n<p style=\"text-align: justify;\">11-\u00a0Evita las querellas, prev\u00e9 los insultos, deja que la <strong>raz\u00f3n<\/strong> sea tu <strong>gu\u00eda<\/strong>.<\/p>\n<p style=\"text-align: justify;\">12-\u00a0<strong>No seas ligero en airarte, porque la ira reposa en el seno del necio<\/strong>.<\/p>\n<p style=\"text-align: justify;\">13-\u00a0Detesta la avaricia, pero administra tus bienes materiales con cuidado, para que a tu vejez <strong>sustenten<\/strong> tus necesidades, <strong>protejan<\/strong> a tu familia y beneficien a tus <strong>Hermanos en desgracia<\/strong>.<\/p>\n<p style=\"text-align: justify;\">14- Sigue la senda del <strong>Honor<\/strong> y de la <strong>Justicia<\/strong>.<\/p>\n<p style=\"text-align: justify;\">15-\u00a0Si tienes un <strong>hijo<\/strong>, regoc\u00edjate; pero s\u00e9 consciente del dep\u00f3sito que se te conf\u00eda. Haz que hasta los diez a\u00f1os te obedezca, hasta los veinte te ame y hasta la muerte te respete. Hasta los diez a\u00f1os s\u00e9 su <strong>maestro<\/strong>, hasta los veinte su <strong>padre<\/strong> y hasta la muerte su <strong>amigo<\/strong>. Piensa en darle <strong>buenos principios<\/strong> tanto como <strong>bellas maneras<\/strong>; inc\u00falcale <strong>rectitud<\/strong> esclarecida y <strong>honestidad<\/strong> sin tacha.<\/p>\n<p style=\"text-align: justify;\">16-\u00a0Si te averg\u00fcenzas de tu destino, tienes orgullo; piensa que aqu\u00e9l ni te honra ni te degrada; el modo con que <strong>cumplas<\/strong> te har\u00e1 uno u otro.<\/p>\n<p style=\"text-align: justify;\">17-\u00a0<strong>Lee<\/strong> y <strong>aprovecha<\/strong>, ve e imita, <strong>reflexiona<\/strong> y <strong>trabaja<\/strong>, oc\u00fapate siempre en <strong>el bien de tus\u00a0<\/strong><strong>hermanos<\/strong> y trabajar\u00e1s para ti mismo.<\/p>\n<p style=\"text-align: justify;\">18-\u00a0<strong>Cont\u00e9ntate<\/strong> de todo, por todo y con todo lo que no puedas <strong>mejorar<\/strong> con tu <strong>esfuerzo<\/strong>. Pero cuando te sientas <strong>capaz<\/strong> de hacerlo, pon todas tus facultades en la tarea.<\/p>\n<p style=\"text-align: justify;\">19-\u00a0<strong>No juzgues<\/strong> ligeramente las acciones de los hombres; <strong>no reproches<\/strong> y antes procura sondear bien los <strong>corazones<\/strong> para apreciar sus obras.<\/p>\n<p style=\"text-align: justify;\">20-\u00a0S\u00e9 entre los profanos <strong>libre<\/strong> sin licencia, <strong>grande<\/strong> sin orgullo, <strong>humilde<\/strong> sin bajezas; y entre los <strong>hermanos<\/strong>, <strong>firme<\/strong> sin ser tenaz, <strong>severo<\/strong> sin ser inflexible y <strong>sumiso<\/strong> sin ser servil.<\/p>\n<p style=\"text-align: justify;\">21-\u00a0Habla <strong>moderadamente<\/strong> con los grandes, <strong>prudentemente<\/strong> con tus iguales, <strong>sinceramente<\/strong> con amigos, <strong>dulcemente<\/strong> con los ni\u00f1os y <strong>eternamente<\/strong> con los pobres.<\/p>\n<p style=\"text-align: justify;\">22-\u00a0<strong>Justo<\/strong> y <strong>valeroso<\/strong> <strong>defender\u00e1s<\/strong> al oprimido, <strong>proteger\u00e1s<\/strong> al inocente, sin reparar en los servicios que prestares.<\/p>\n<p style=\"text-align: justify;\">23-\u00a0Exacto <strong>apreciador<\/strong> de los hombres y de las cosas, no atender\u00e1s mas que al <strong>m\u00e9rito personal<\/strong>, sean cuales fueren el rango, el estado y la fortuna.<\/p>\n<p style=\"text-align: justify;\"><strong>El d\u00eda en que estas m\u00e1ximas se generalicen, la especie humana ser\u00e1 feliz y la Francmasoner\u00eda habr\u00e1 terminado su tarea y cantado su triunfo regenerador.<\/strong><\/p>\n<p>&nbsp;<\/p>\n<p style=\"text-align: center;\"><strong>CONSTITUCIONES DE ANDERSON<\/strong><\/p>\n<p style=\"text-align: center;\"><a href=\"https:\/\/www.obrerosdehiram24cadiz.org\/wp-content\/uploads\/2022\/10\/CONSTITUCIONES-DE-ANDERSON.pdf\" target=\"_blank\" rel=\"noopener\"><img loading=\"lazy\" decoding=\"async\" class=\"alignnone wp-image-121\" src=\"https:\/\/www.obrerosdehiram24cadiz.org\/wp-content\/uploads\/2022\/10\/PDF_file_icon.svg_.png\" alt=\"CONSTITUCIONES DE ANDERSON\" width=\"31\" height=\"38\" \/><\/a><\/p>\n","protected":false},"excerpt":{"rendered":"<p>Visitas: 1965La Francmasoner\u00eda posee un conjunto de normas de comportamiento \u00e9tico, moral y social que siguen la corriente y los ritos mas\u00f3nicos desde 1717. Dichas reglas se resumen en el&hellip; <\/p>\n","protected":false},"author":1,"featured_media":0,"parent":0,"menu_order":0,"comment_status":"closed","ping_status":"closed","template":"","meta":{"om_disable_all_campaigns":false,"_monsterinsights_skip_tracking":false,"_monsterinsights_sitenote_active":false,"_monsterinsights_sitenote_note":"","_monsterinsights_sitenote_category":0,"_uf_show_specific_survey":0,"_uf_disable_surveys":false,"footnotes":""},"class_list":["post-39","page","type-page","status-publish","hentry"],"aioseo_notices":[],"_links":{"self":[{"href":"https:\/\/www.obrerosdehiram24cadiz.org\/index.php?rest_route=\/wp\/v2\/pages\/39","targetHints":{"allow":["GET"]}}],"collection":[{"href":"https:\/\/www.obrerosdehiram24cadiz.org\/index.php?rest_route=\/wp\/v2\/pages"}],"about":[{"href":"https:\/\/www.obrerosdehiram24cadiz.org\/index.php?rest_route=\/wp\/v2\/types\/page"}],"author":[{"embeddable":true,"href":"https:\/\/www.obrerosdehiram24cadiz.org\/index.php?rest_route=\/wp\/v2\/users\/1"}],"replies":[{"embeddable":true,"href":"https:\/\/www.obrerosdehiram24cadiz.org\/index.php?rest_route=%2Fwp%2Fv2%2Fcomments&post=39"}],"version-history":[{"count":0,"href":"https:\/\/www.obrerosdehiram24cadiz.org\/index.php?rest_route=\/wp\/v2\/pages\/39\/revisions"}],"wp:attachment":[{"href":"https:\/\/www.obrerosdehiram24cadiz.org\/index.php?rest_route=%2Fwp%2Fv2%2Fmedia&parent=39"}],"curies":[{"name":"wp","href":"https:\/\/api.w.org\/{rel}","templated":true}]}}