{"id":43,"date":"2022-10-29T10:03:23","date_gmt":"2022-10-29T10:03:23","guid":{"rendered":"http:\/\/localhost\/?page_id=43"},"modified":"2022-11-15T22:15:50","modified_gmt":"2022-11-15T22:15:50","slug":"puedo-ser-mason","status":"publish","type":"page","link":"https:\/\/www.obrerosdehiram24cadiz.org\/?page_id=43","title":{"rendered":"\u00bfPuedo ser Mas\u00f3n?"},"content":{"rendered":"<p>Visitas: 2334<\/p><p style=\"text-align: justify;\" align=\"justify\"><img loading=\"lazy\" decoding=\"async\" class=\"wp-image-129 alignright\" src=\"https:\/\/www.obrerosdehiram24cadiz.org\/wp-content\/uploads\/2022\/10\/obrerosdehiram24cadiz-Camara.jpg\" alt=\"\" width=\"284\" height=\"218\" \/>Muchos hombres que habr\u00edan <strong>deseado ser masones<\/strong> nunca lo fueron por desconocer que <strong>a un mas\u00f3n no le est\u00e1 permitido pedirle directamente a nadie que ingrese<\/strong> como nuevo miembro. Lamentablemente, a menudo se encuentran hombres que dicen haber esperado en vano a que los llam\u00e1ramos, hecho que jam\u00e1s sucedi\u00f3.<\/p>\n<p style=\"text-align: justify;\" align=\"justify\">La <strong>decisi\u00f3n<\/strong> de solicitar el acceso a nuestra <strong>Orden<\/strong> debe ser <strong>personal<\/strong>, <strong>libre<\/strong> y <strong>meditada,<\/strong> y no influenciada desde el exterior. Por suerte, hoy en d\u00eda disponemos de medios inform\u00e1ticos que nos permiten conocer y contactar con <strong>logias mas\u00f3nicas<\/strong> como la nuestra, de modo que ponemos a su alcance la <strong>informaci\u00f3n<\/strong> y la disposici\u00f3n para que, una vez que se decida, pueda <strong>contactar con nosotros<\/strong>.<\/p>\n<p style=\"text-align: justify;\" align=\"justify\">Los <strong>requisitos<\/strong> indispensables para convertirse en un <strong>Mas\u00f3n Antiguo<\/strong>, <strong>Libre<\/strong> y <strong>Aceptado<\/strong> son los siguientes:<\/p>\n<p style=\"text-align: justify;\" align=\"justify\">&#8211; Ser <strong>var\u00f3n<\/strong> y tener al menos <strong>21 a\u00f1os<\/strong>.<\/p>\n<p style=\"text-align: justify;\" align=\"justify\">&#8211; Ser un <strong>hombre libre y de buenas costumbres<\/strong>, sin importar la raza, la procedencia o la condici\u00f3n social.<\/p>\n<p style=\"text-align: justify;\" align=\"justify\">&#8211; <strong>Creer<\/strong> en un principio superior, creador, generador o totalizador, con independencia de la religi\u00f3n con la que cada uno lo venere, al que en <strong>Masoner\u00eda<\/strong> llamamos <strong>Gran Arquitecto del Universo<\/strong>.<\/p>\n<p style=\"text-align: justify;\" align=\"justify\"><strong>\u00bfQu\u00e9 debo hacer para ser mas\u00f3n?<\/strong><\/p>\n<p style=\"text-align: justify;\" align=\"justify\">Si ya ha tomado la <strong>decisi\u00f3n de iniciarse Francmas\u00f3n,<\/strong> debe contactar con <strong>una logia mas\u00f3nica regular,<\/strong> normalmente con la m\u00e1s cercana geogr\u00e1ficamente. En el caso de la <strong>R.\u00b7. L.\u00b7. Obreros de Hiram n\u00ba 24 de C\u00e1diz<\/strong>, en la secci\u00f3n \u00ab<strong>Contacto<\/strong>\u00bb encontrar\u00e1 varias posibilidades de comunicaci\u00f3n.<\/p>\n<p style=\"text-align: justify;\" align=\"justify\"><strong>Recibir\u00e1<\/strong> entonces y con total seguridad un e-mail de <strong>contestaci\u00f3n<\/strong> a su solicitud, donde se le indicar\u00e1n los <strong>pasos<\/strong> a seguir, se le requerir\u00e1 la <strong>informaci\u00f3n<\/strong> necesaria y se le informar\u00e1 de lo que necesite saber en ese momento. Si la <strong>Logia<\/strong> lo estima oportuno, siguiendo su <strong>procedimiento<\/strong> interno, usted ser\u00e1 convocado a una serie de <strong>entrevistas personales<\/strong> <strong>con<\/strong> <strong>francmasones<\/strong>. Posteriormente, si la <strong>Logia <\/strong>lo considera apto para recibirlo en el <strong>Templo<\/strong>,\u00a0se le informar\u00e1 convenientemente de la documentaci\u00f3n necesaria, as\u00ed como del importe de la tasa administrativa correspondiente, y se le citar\u00e1 <em>cierto d\u00eda a cierta hora en cierto lugar,<\/em> donde deber\u00e1 encontrarse para ser conducido a su\u00a0<strong>Iniciaci\u00f3n<\/strong>.<\/p>\n<p align=\"justify\"><img loading=\"lazy\" decoding=\"async\" class=\" wp-image-136 aligncenter\" src=\"https:\/\/www.obrerosdehiram24cadiz.org\/wp-content\/uploads\/2022\/10\/obrerosdehiram24cadiz-masones.jpg\" alt=\"\" width=\"416\" height=\"214\" \/><\/p>\n","protected":false},"excerpt":{"rendered":"<p>Visitas: 2334Muchos hombres que habr\u00edan deseado ser masones nunca lo fueron por desconocer que a un mas\u00f3n no le est\u00e1 permitido pedirle directamente a nadie que ingrese como nuevo miembro.&hellip; <\/p>\n","protected":false},"author":1,"featured_media":0,"parent":0,"menu_order":0,"comment_status":"closed","ping_status":"closed","template":"","meta":{"om_disable_all_campaigns":false,"_monsterinsights_skip_tracking":false,"_monsterinsights_sitenote_active":false,"_monsterinsights_sitenote_note":"","_monsterinsights_sitenote_category":0,"_uf_show_specific_survey":0,"_uf_disable_surveys":false,"footnotes":""},"class_list":["post-43","page","type-page","status-publish","hentry"],"aioseo_notices":[],"_links":{"self":[{"href":"https:\/\/www.obrerosdehiram24cadiz.org\/index.php?rest_route=\/wp\/v2\/pages\/43","targetHints":{"allow":["GET"]}}],"collection":[{"href":"https:\/\/www.obrerosdehiram24cadiz.org\/index.php?rest_route=\/wp\/v2\/pages"}],"about":[{"href":"https:\/\/www.obrerosdehiram24cadiz.org\/index.php?rest_route=\/wp\/v2\/types\/page"}],"author":[{"embeddable":true,"href":"https:\/\/www.obrerosdehiram24cadiz.org\/index.php?rest_route=\/wp\/v2\/users\/1"}],"replies":[{"embeddable":true,"href":"https:\/\/www.obrerosdehiram24cadiz.org\/index.php?rest_route=%2Fwp%2Fv2%2Fcomments&post=43"}],"version-history":[{"count":0,"href":"https:\/\/www.obrerosdehiram24cadiz.org\/index.php?rest_route=\/wp\/v2\/pages\/43\/revisions"}],"wp:attachment":[{"href":"https:\/\/www.obrerosdehiram24cadiz.org\/index.php?rest_route=%2Fwp%2Fv2%2Fmedia&parent=43"}],"curies":[{"name":"wp","href":"https:\/\/api.w.org\/{rel}","templated":true}]}}